{"id":1819,"date":"2023-05-12T10:57:35","date_gmt":"2023-05-12T08:57:35","guid":{"rendered":"https:\/\/www.laureys.net\/conditions-generales\/"},"modified":"2023-07-31T16:02:42","modified_gmt":"2023-07-31T14:02:42","slug":"conditions-generales","status":"publish","type":"page","link":"https:\/\/www.laureys.net\/fr\/conditions-generales\/","title":{"rendered":"Conditions g\u00e9n\u00e9rales"},"content":{"rendered":"\t\t<div data-elementor-type=\"wp-page\" data-elementor-id=\"1819\" class=\"elementor elementor-1819 elementor-1543\" data-elementor-post-type=\"page\">\n\t\t\t\t<div class=\"elementor-element elementor-element-6ecc0e1 e-flex e-con-boxed e-con e-parent\" data-id=\"6ecc0e1\" data-element_type=\"container\" data-settings=\"{&quot;background_background&quot;:&quot;classic&quot;,&quot;jet_parallax_layout_list&quot;:[]}\">\n\t\t\t\t\t<div class=\"e-con-inner\">\n\t\t\t\t<div class=\"elementor-element elementor-element-2241121 elementor-widget elementor-widget-heading\" data-id=\"2241121\" data-element_type=\"widget\" data-widget_type=\"heading.default\">\n\t\t\t\t\t<h2 class=\"elementor-heading-title elementor-size-default\">Conditions g\u00e9n\u00e9rales<\/h2>\t\t\t\t<\/div>\n\t\t\t\t<div class=\"elementor-element elementor-element-403f27b elementor-widget elementor-widget-jet-accordion\" data-id=\"403f27b\" data-element_type=\"widget\" data-widget_type=\"jet-accordion.default\">\n\t\t\t\t<div class=\"elementor-widget-container\">\n\t\t\t\t\t\t\t<div class=\"jet-accordion\" data-settings=\"{&quot;collapsible&quot;:false,&quot;ajaxTemplate&quot;:false,&quot;switchScrolling&quot;:false,&quot;switchScrollingOffset&quot;:0,&quot;switchScrollingDelay&quot;:500}\">\n\t\t\t<div class=\"jet-accordion__inner\">\n\t\t\t\t<div class=\" jet-accordion__item jet-toggle jet-toggle-fade-effect \">\n\t\t\t\t\t\t\t<div id=\"jet-toggle-control-6731\" class=\"jet-toggle__control elementor-menu-anchor\" data-toggle=\"1\" role=\"button\" tabindex=\"0\" aria-controls=\"jet-toggle-content-6731\" aria-expanded=\"false\" data-template-id=\"false\">\n\t\t\t\t\t\t\t\t<div class=\"jet-toggle__label-icon jet-toggle-icon-position-right\"><span class=\"jet-toggle__icon icon-normal jet-tabs-icon\"><svg xmlns=\"http:\/\/www.w3.org\/2000\/svg\" viewBox=\"0 0 448 512\"><path d=\"M240 64V48H208V64 240H32 16v32H32 208V448v16h32V448 272H416h16V240H416 240V64z\"><\/path><\/svg><\/span><span class=\"jet-toggle__icon icon-active jet-tabs-icon\"><svg xmlns=\"http:\/\/www.w3.org\/2000\/svg\" viewBox=\"0 0 448 512\"><path d=\"M432 272H416L32 272H16l0-32 16 0 384 0 16 0v32z\"><\/path><\/svg><\/span><\/div><div class=\"jet-toggle__label-text\">Article 1<\/div>\t\t\t\t\t\t\t<\/div>\n\t\t\t\t\t\t\t<div id=\"jet-toggle-content-6731\" class=\"jet-toggle__content\" data-toggle=\"1\" role=\"region\" data-template-id=\"false\">\n\t\t\t\t\t\t\t\t<div class=\"jet-toggle__content-inner\"><p>Dans les pr\u00e9sentes conditions g\u00e9n\u00e9rales (d\u00e9nomm\u00e9es ci-apr\u00e8s les \u2018Conditions G\u00e9n\u00e9rales\u2019), \u2018l&rsquo;Avocat\u2019 signifie: le cabinet d&rsquo;avocats \u2018Tim Laureys Advocaten CVBA\u2019 (RPM Gand 0538.933.384). <\/p>\n<\/div>\n\t\t\t\t\t\t\t<\/div>\n\t\t\t\t\t\t<\/div><div class=\" jet-accordion__item jet-toggle jet-toggle-fade-effect \">\n\t\t\t\t\t\t\t<div id=\"jet-toggle-control-6732\" class=\"jet-toggle__control elementor-menu-anchor\" data-toggle=\"2\" role=\"button\" tabindex=\"0\" aria-controls=\"jet-toggle-content-6732\" aria-expanded=\"false\" data-template-id=\"false\">\n\t\t\t\t\t\t\t\t<div class=\"jet-toggle__label-icon jet-toggle-icon-position-right\"><span class=\"jet-toggle__icon icon-normal jet-tabs-icon\"><svg xmlns=\"http:\/\/www.w3.org\/2000\/svg\" viewBox=\"0 0 448 512\"><path d=\"M240 64V48H208V64 240H32 16v32H32 208V448v16h32V448 272H416h16V240H416 240V64z\"><\/path><\/svg><\/span><span class=\"jet-toggle__icon icon-active jet-tabs-icon\"><svg xmlns=\"http:\/\/www.w3.org\/2000\/svg\" viewBox=\"0 0 448 512\"><path d=\"M432 272H416L32 272H16l0-32 16 0 384 0 16 0v32z\"><\/path><\/svg><\/span><\/div><div class=\"jet-toggle__label-text\">Article 2<\/div>\t\t\t\t\t\t\t<\/div>\n\t\t\t\t\t\t\t<div id=\"jet-toggle-content-6732\" class=\"jet-toggle__content\" data-toggle=\"2\" role=\"region\" data-template-id=\"false\">\n\t\t\t\t\t\t\t\t<div class=\"jet-toggle__content-inner\"><p>Les Conditions G\u00e9n\u00e9rales sont d&rsquo;application pour toutes les missions, sauf convention \u00e9crite contraire pr\u00e9alable \u00e0 la cr\u00e9ation d&rsquo;une mission. Une mission ne sera cr\u00e9\u00e9e qu&rsquo;apr\u00e8s avoir \u00e9t\u00e9 accept\u00e9e par l&rsquo;Avocat. En ce qui concerne la cr\u00e9ation d&rsquo;une mission, l&rsquo;Avocat ne peut se faire repr\u00e9senter que par les avocats affili\u00e9s au cabinet. Le client accepte les pr\u00e9sentes Conditions G\u00e9n\u00e9rales comme les seules conditions applicables \u00e0 la relation contractuelle et renonce \u00e0 ses \u00e9ventuelles propres conditions g\u00e9n\u00e9rales pour autant que ceci soit n\u00e9cessaire. <\/p>\n<\/div>\n\t\t\t\t\t\t\t<\/div>\n\t\t\t\t\t\t<\/div><div class=\" jet-accordion__item jet-toggle jet-toggle-fade-effect \">\n\t\t\t\t\t\t\t<div id=\"jet-toggle-control-6733\" class=\"jet-toggle__control elementor-menu-anchor\" data-toggle=\"3\" role=\"button\" tabindex=\"0\" aria-controls=\"jet-toggle-content-6733\" aria-expanded=\"false\" data-template-id=\"false\">\n\t\t\t\t\t\t\t\t<div class=\"jet-toggle__label-icon jet-toggle-icon-position-right\"><span class=\"jet-toggle__icon icon-normal jet-tabs-icon\"><svg xmlns=\"http:\/\/www.w3.org\/2000\/svg\" viewBox=\"0 0 448 512\"><path d=\"M240 64V48H208V64 240H32 16v32H32 208V448v16h32V448 272H416h16V240H416 240V64z\"><\/path><\/svg><\/span><span class=\"jet-toggle__icon icon-active jet-tabs-icon\"><svg xmlns=\"http:\/\/www.w3.org\/2000\/svg\" viewBox=\"0 0 448 512\"><path d=\"M432 272H416L32 272H16l0-32 16 0 384 0 16 0v32z\"><\/path><\/svg><\/span><\/div><div class=\"jet-toggle__label-text\">Article 3<\/div>\t\t\t\t\t\t\t<\/div>\n\t\t\t\t\t\t\t<div id=\"jet-toggle-content-6733\" class=\"jet-toggle__content\" data-toggle=\"3\" role=\"region\" data-template-id=\"false\">\n\t\t\t\t\t\t\t\t<div class=\"jet-toggle__content-inner\"><p>Des conditions particuli\u00e8res peuvent \u00eatre convenues pr\u00e9alablement et par \u00e9crit entre l&rsquo;Avocat et le client. A cet effet, l&rsquo;Avocat est li\u00e9 \u00e0 des r\u00e8gles d\u00e9ontologiques. <\/p>\n<\/div>\n\t\t\t\t\t\t\t<\/div>\n\t\t\t\t\t\t<\/div><div class=\" jet-accordion__item jet-toggle jet-toggle-fade-effect \">\n\t\t\t\t\t\t\t<div id=\"jet-toggle-control-6734\" class=\"jet-toggle__control elementor-menu-anchor\" data-toggle=\"4\" role=\"button\" tabindex=\"0\" aria-controls=\"jet-toggle-content-6734\" aria-expanded=\"false\" data-template-id=\"false\">\n\t\t\t\t\t\t\t\t<div class=\"jet-toggle__label-icon jet-toggle-icon-position-right\"><span class=\"jet-toggle__icon icon-normal jet-tabs-icon\"><svg xmlns=\"http:\/\/www.w3.org\/2000\/svg\" viewBox=\"0 0 448 512\"><path d=\"M240 64V48H208V64 240H32 16v32H32 208V448v16h32V448 272H416h16V240H416 240V64z\"><\/path><\/svg><\/span><span class=\"jet-toggle__icon icon-active jet-tabs-icon\"><svg xmlns=\"http:\/\/www.w3.org\/2000\/svg\" viewBox=\"0 0 448 512\"><path d=\"M432 272H416L32 272H16l0-32 16 0 384 0 16 0v32z\"><\/path><\/svg><\/span><\/div><div class=\"jet-toggle__label-text\">Article 4<\/div>\t\t\t\t\t\t\t<\/div>\n\t\t\t\t\t\t\t<div id=\"jet-toggle-content-6734\" class=\"jet-toggle__content\" data-toggle=\"4\" role=\"region\" data-template-id=\"false\">\n\t\t\t\t\t\t\t\t<div class=\"jet-toggle__content-inner\"><p>La mission accept\u00e9e engendre une obligation de moyens; elle n\u2019engendre pas d\u2019obligation de r\u00e9sultat. <\/p>\n<\/div>\n\t\t\t\t\t\t\t<\/div>\n\t\t\t\t\t\t<\/div><div class=\" jet-accordion__item jet-toggle jet-toggle-fade-effect \">\n\t\t\t\t\t\t\t<div id=\"jet-toggle-control-6735\" class=\"jet-toggle__control elementor-menu-anchor\" data-toggle=\"5\" role=\"button\" tabindex=\"0\" aria-controls=\"jet-toggle-content-6735\" aria-expanded=\"false\" data-template-id=\"false\">\n\t\t\t\t\t\t\t\t<div class=\"jet-toggle__label-icon jet-toggle-icon-position-right\"><span class=\"jet-toggle__icon icon-normal jet-tabs-icon\"><svg xmlns=\"http:\/\/www.w3.org\/2000\/svg\" viewBox=\"0 0 448 512\"><path d=\"M240 64V48H208V64 240H32 16v32H32 208V448v16h32V448 272H416h16V240H416 240V64z\"><\/path><\/svg><\/span><span class=\"jet-toggle__icon icon-active jet-tabs-icon\"><svg xmlns=\"http:\/\/www.w3.org\/2000\/svg\" viewBox=\"0 0 448 512\"><path d=\"M432 272H416L32 272H16l0-32 16 0 384 0 16 0v32z\"><\/path><\/svg><\/span><\/div><div class=\"jet-toggle__label-text\">Article 5<\/div>\t\t\t\t\t\t\t<\/div>\n\t\t\t\t\t\t\t<div id=\"jet-toggle-content-6735\" class=\"jet-toggle__content\" data-toggle=\"5\" role=\"region\" data-template-id=\"false\">\n\t\t\t\t\t\t\t\t<div class=\"jet-toggle__content-inner\"><p>Afin de permettre un traitement ad\u00e9quat et en temps opportun de la mission accord\u00e9e, le client fournira imm\u00e9diatement \u00e0 l&rsquo;Avocat, m\u00eame sans y \u00eatre invit\u00e9, toutes les informations li\u00e9es \u00e0 son dossier. Il veillera \u00e9galement \u00e0 coop\u00e9rer pleinement durant le d\u00e9roulement du dossier. Le client garantira l&rsquo;exactitude, l&rsquo;exhaustivit\u00e9 et la fiabilit\u00e9 des donn\u00e9es, informations et pi\u00e8ces fournies \u00e0 l&rsquo;Avocat par lui ou en son nom. Le client sera tenu d&rsquo;informer imm\u00e9diatement l&rsquo;Avocat au cas o\u00f9 certains faits ou certaines circonstances, de quelque nature que ce soit, se produiraient et pourraient \u00eatre important(e)s pour l&rsquo;ex\u00e9cution de la mission.<\/p>\n<\/div>\n\t\t\t\t\t\t\t<\/div>\n\t\t\t\t\t\t<\/div><div class=\" jet-accordion__item jet-toggle jet-toggle-fade-effect \">\n\t\t\t\t\t\t\t<div id=\"jet-toggle-control-6736\" class=\"jet-toggle__control elementor-menu-anchor\" data-toggle=\"6\" role=\"button\" tabindex=\"0\" aria-controls=\"jet-toggle-content-6736\" aria-expanded=\"false\" data-template-id=\"false\">\n\t\t\t\t\t\t\t\t<div class=\"jet-toggle__label-icon jet-toggle-icon-position-right\"><span class=\"jet-toggle__icon icon-normal jet-tabs-icon\"><svg xmlns=\"http:\/\/www.w3.org\/2000\/svg\" viewBox=\"0 0 448 512\"><path d=\"M240 64V48H208V64 240H32 16v32H32 208V448v16h32V448 272H416h16V240H416 240V64z\"><\/path><\/svg><\/span><span class=\"jet-toggle__icon icon-active jet-tabs-icon\"><svg xmlns=\"http:\/\/www.w3.org\/2000\/svg\" viewBox=\"0 0 448 512\"><path d=\"M432 272H416L32 272H16l0-32 16 0 384 0 16 0v32z\"><\/path><\/svg><\/span><\/div><div class=\"jet-toggle__label-text\">Article 6<\/div>\t\t\t\t\t\t\t<\/div>\n\t\t\t\t\t\t\t<div id=\"jet-toggle-content-6736\" class=\"jet-toggle__content\" data-toggle=\"6\" role=\"region\" data-template-id=\"false\">\n\t\t\t\t\t\t\t\t<div class=\"jet-toggle__content-inner\"><p>L&rsquo;Avocat d\u00e9clinera toute responsabilit\u00e9 si et tant que le client ne respecte pas ses obligations. Quoi qu\u2019il en soit, la responsabilit\u00e9 de l&rsquo;Avocat sera limit\u00e9e au montant pay\u00e9 par l&rsquo;assureur responsabilit\u00e9 professionnelle, le cas \u00e9ch\u00e9ant.<\/p>\n<\/div>\n\t\t\t\t\t\t\t<\/div>\n\t\t\t\t\t\t<\/div><div class=\" jet-accordion__item jet-toggle jet-toggle-fade-effect \">\n\t\t\t\t\t\t\t<div id=\"jet-toggle-control-6737\" class=\"jet-toggle__control elementor-menu-anchor\" data-toggle=\"7\" role=\"button\" tabindex=\"0\" aria-controls=\"jet-toggle-content-6737\" aria-expanded=\"false\" data-template-id=\"false\">\n\t\t\t\t\t\t\t\t<div class=\"jet-toggle__label-icon jet-toggle-icon-position-right\"><span class=\"jet-toggle__icon icon-normal jet-tabs-icon\"><svg xmlns=\"http:\/\/www.w3.org\/2000\/svg\" viewBox=\"0 0 448 512\"><path d=\"M240 64V48H208V64 240H32 16v32H32 208V448v16h32V448 272H416h16V240H416 240V64z\"><\/path><\/svg><\/span><span class=\"jet-toggle__icon icon-active jet-tabs-icon\"><svg xmlns=\"http:\/\/www.w3.org\/2000\/svg\" viewBox=\"0 0 448 512\"><path d=\"M432 272H416L32 272H16l0-32 16 0 384 0 16 0v32z\"><\/path><\/svg><\/span><\/div><div class=\"jet-toggle__label-text\">Article 7<\/div>\t\t\t\t\t\t\t<\/div>\n\t\t\t\t\t\t\t<div id=\"jet-toggle-content-6737\" class=\"jet-toggle__content\" data-toggle=\"7\" role=\"region\" data-template-id=\"false\">\n\t\t\t\t\t\t\t\t<div class=\"jet-toggle__content-inner\"><p>Sauf convention contraire avec le client, l&rsquo;Avocat sera libre de faire ex\u00e9cuter enti\u00e8rement ou partiellement le travail par un avocat, collaborateur et\/ou tiers d\u00e9sign\u00e9 par lui.<br \/>\nA cet effet, les pr\u00e9sentes conditions resteront enti\u00e8rement d&rsquo;application. Si des tiers sont engag\u00e9s dans l&rsquo;ex\u00e9cution du travail convenu, l&rsquo;Avocat sera autoris\u00e9 \u00e0 accepter au nom du client les \u00e9ventuelles restrictions de responsabilit\u00e9 appliqu\u00e9es par ces tiers.<\/p>\n<\/div>\n\t\t\t\t\t\t\t<\/div>\n\t\t\t\t\t\t<\/div><div class=\" jet-accordion__item jet-toggle jet-toggle-fade-effect \">\n\t\t\t\t\t\t\t<div id=\"jet-toggle-control-6738\" class=\"jet-toggle__control elementor-menu-anchor\" data-toggle=\"8\" role=\"button\" tabindex=\"0\" aria-controls=\"jet-toggle-content-6738\" aria-expanded=\"false\" data-template-id=\"false\">\n\t\t\t\t\t\t\t\t<div class=\"jet-toggle__label-icon jet-toggle-icon-position-right\"><span class=\"jet-toggle__icon icon-normal jet-tabs-icon\"><svg xmlns=\"http:\/\/www.w3.org\/2000\/svg\" viewBox=\"0 0 448 512\"><path d=\"M240 64V48H208V64 240H32 16v32H32 208V448v16h32V448 272H416h16V240H416 240V64z\"><\/path><\/svg><\/span><span class=\"jet-toggle__icon icon-active jet-tabs-icon\"><svg xmlns=\"http:\/\/www.w3.org\/2000\/svg\" viewBox=\"0 0 448 512\"><path d=\"M432 272H416L32 272H16l0-32 16 0 384 0 16 0v32z\"><\/path><\/svg><\/span><\/div><div class=\"jet-toggle__label-text\">Article 8<\/div>\t\t\t\t\t\t\t<\/div>\n\t\t\t\t\t\t\t<div id=\"jet-toggle-content-6738\" class=\"jet-toggle__content\" data-toggle=\"8\" role=\"region\" data-template-id=\"false\">\n\t\t\t\t\t\t\t\t<div class=\"jet-toggle__content-inner\"><p>Le client r\u00e9mun\u00e9rera l&rsquo;Avocat comme suit: &#8211; les honoraires<br \/>\n(pour le travail effectu\u00e9 par l&rsquo;avocat dans son dossier) ainsi que l&rsquo;indemnit\u00e9 de proc\u00e9dure d\u00e9finitivement acquise par le client, pour autant que cette derni\u00e8re puisse \u00eatre per\u00e7ue aupr\u00e8s de la partie adverse<br \/>\n&#8211; une compensation pour les d\u00e9penses engag\u00e9es par l&rsquo;Avocat et li\u00e9es au travail dans son dossier (frais de d\u00e9placement, travail de secr\u00e9tariat&#8230;)<br \/>\n&#8211; les frais de justice \u00e0 chaque fois conform\u00e9ment selon les tarifs, modes de calcul et modes de travail usuels de l&rsquo;Avocat. L&rsquo;avocat sera libre de modifier unilat\u00e9ralement ces tarifs, modes de calcul et modes de travail moyennant une notification envoy\u00e9e au moins 15 jours avant l\u2019entr\u00e9e en vigueur de la modification annonc\u00e9e. <\/p>\n<\/div>\n\t\t\t\t\t\t\t<\/div>\n\t\t\t\t\t\t<\/div><div class=\" jet-accordion__item jet-toggle jet-toggle-fade-effect \">\n\t\t\t\t\t\t\t<div id=\"jet-toggle-control-6739\" class=\"jet-toggle__control elementor-menu-anchor\" data-toggle=\"9\" role=\"button\" tabindex=\"0\" aria-controls=\"jet-toggle-content-6739\" aria-expanded=\"false\" data-template-id=\"false\">\n\t\t\t\t\t\t\t\t<div class=\"jet-toggle__label-icon jet-toggle-icon-position-right\"><span class=\"jet-toggle__icon icon-normal jet-tabs-icon\"><svg xmlns=\"http:\/\/www.w3.org\/2000\/svg\" viewBox=\"0 0 448 512\"><path d=\"M240 64V48H208V64 240H32 16v32H32 208V448v16h32V448 272H416h16V240H416 240V64z\"><\/path><\/svg><\/span><span class=\"jet-toggle__icon icon-active jet-tabs-icon\"><svg xmlns=\"http:\/\/www.w3.org\/2000\/svg\" viewBox=\"0 0 448 512\"><path d=\"M432 272H416L32 272H16l0-32 16 0 384 0 16 0v32z\"><\/path><\/svg><\/span><\/div><div class=\"jet-toggle__label-text\">Article 9<\/div>\t\t\t\t\t\t\t<\/div>\n\t\t\t\t\t\t\t<div id=\"jet-toggle-content-6739\" class=\"jet-toggle__content\" data-toggle=\"9\" role=\"region\" data-template-id=\"false\">\n\t\t\t\t\t\t\t\t<div class=\"jet-toggle__content-inner\"><p>Sauf indication contraire sur la facture, le d\u00e9lai de paiement s\u2019\u00e9l\u00e8ve \u00e0 14 jours suivant la date de la facture. S&rsquo;il est question de plusieurs clients, ils seront tous solidairement responsables du paiement de la facture.<br \/>\nL&rsquo;Avocat aura le droit de r\u00e9clamer de plein droit des int\u00e9r\u00eats contractuels s\u2019\u00e9levant \u00e0 1% par mois et une indemnit\u00e9 forfaitaire de 10% sur la somme principale impay\u00e9e avec un montant minimal de 500 euros apr\u00e8s l&rsquo;expiration du d\u00e9lai de paiement, sans pr\u00e9judice de ses droits en vertu de la loi.<br \/>\nEn cas de d\u00e9faut de paiement, l&rsquo;Avocat aura \u00e9galement le droit de suspendre imm\u00e9diatement son travail jusqu&rsquo;\u00e0 ce que le client ait pleinement respect\u00e9 ses obligations de paiement, et sans que ceci ne puisse engager la responsabilit\u00e9 de l&rsquo;Avocat.<\/p>\n<\/div>\n\t\t\t\t\t\t\t<\/div>\n\t\t\t\t\t\t<\/div><div class=\" jet-accordion__item jet-toggle jet-toggle-fade-effect \">\n\t\t\t\t\t\t\t<div id=\"jet-toggle-control-67310\" class=\"jet-toggle__control elementor-menu-anchor\" data-toggle=\"10\" role=\"button\" tabindex=\"0\" aria-controls=\"jet-toggle-content-67310\" aria-expanded=\"false\" data-template-id=\"false\">\n\t\t\t\t\t\t\t\t<div class=\"jet-toggle__label-icon jet-toggle-icon-position-right\"><span class=\"jet-toggle__icon icon-normal jet-tabs-icon\"><svg xmlns=\"http:\/\/www.w3.org\/2000\/svg\" viewBox=\"0 0 448 512\"><path d=\"M240 64V48H208V64 240H32 16v32H32 208V448v16h32V448 272H416h16V240H416 240V64z\"><\/path><\/svg><\/span><span class=\"jet-toggle__icon icon-active jet-tabs-icon\"><svg xmlns=\"http:\/\/www.w3.org\/2000\/svg\" viewBox=\"0 0 448 512\"><path d=\"M432 272H416L32 272H16l0-32 16 0 384 0 16 0v32z\"><\/path><\/svg><\/span><\/div><div class=\"jet-toggle__label-text\">Article 10<\/div>\t\t\t\t\t\t\t<\/div>\n\t\t\t\t\t\t\t<div id=\"jet-toggle-content-67310\" class=\"jet-toggle__content\" data-toggle=\"10\" role=\"region\" data-template-id=\"false\">\n\t\t\t\t\t\t\t\t<div class=\"jet-toggle__content-inner\"><p>Tous les droits relatifs aux prestations intellectuelles que l&rsquo;Avocat d\u00e9veloppe ou utilise lors de l&rsquo;ex\u00e9cution de la mission (y compris les conseils, modes de travail, contrats, projets de pi\u00e8ces de proc\u00e9dure&#8230;), reviendront \u00e0 l&rsquo;Avocat, pour autant qu\u2019ils ne reviennent pas d\u00e9j\u00e0 \u00e0 des tiers.<br \/>Sauf autorisation explicite \u00e9crite et pr\u00e9alable de l&rsquo;Avocat, le client ne sera pas autoris\u00e9 \u00e0 diffuser, publier ou exploiter les r\u00e9alisations intellectuelles de l&rsquo;Avocat ni leur enregistrement sur des supports de donn\u00e9es.<\/p>\n<\/div>\n\t\t\t\t\t\t\t<\/div>\n\t\t\t\t\t\t<\/div><div class=\" jet-accordion__item jet-toggle jet-toggle-fade-effect \">\n\t\t\t\t\t\t\t<div id=\"jet-toggle-control-67311\" class=\"jet-toggle__control elementor-menu-anchor\" data-toggle=\"11\" role=\"button\" tabindex=\"0\" aria-controls=\"jet-toggle-content-67311\" aria-expanded=\"false\" data-template-id=\"false\">\n\t\t\t\t\t\t\t\t<div class=\"jet-toggle__label-icon jet-toggle-icon-position-right\"><span class=\"jet-toggle__icon icon-normal jet-tabs-icon\"><svg xmlns=\"http:\/\/www.w3.org\/2000\/svg\" viewBox=\"0 0 448 512\"><path d=\"M240 64V48H208V64 240H32 16v32H32 208V448v16h32V448 272H416h16V240H416 240V64z\"><\/path><\/svg><\/span><span class=\"jet-toggle__icon icon-active jet-tabs-icon\"><svg xmlns=\"http:\/\/www.w3.org\/2000\/svg\" viewBox=\"0 0 448 512\"><path d=\"M432 272H416L32 272H16l0-32 16 0 384 0 16 0v32z\"><\/path><\/svg><\/span><\/div><div class=\"jet-toggle__label-text\">Article 11<\/div>\t\t\t\t\t\t\t<\/div>\n\t\t\t\t\t\t\t<div id=\"jet-toggle-content-67311\" class=\"jet-toggle__content\" data-toggle=\"11\" role=\"region\" data-template-id=\"false\">\n\t\t\t\t\t\t\t\t<div class=\"jet-toggle__content-inner\"><p>La nullit\u00e9 d&rsquo;une disposition ou de plusieurs dispositions des Conditions G\u00e9n\u00e9rales n&rsquo;engendrera aucunement la nullit\u00e9 de l&rsquo;ensemble des Conditions G\u00e9n\u00e9rales. Le cas \u00e9ch\u00e9ant, la clause concern\u00e9e sera remplac\u00e9e, en concertation entre les parties, par une clause se rapprochant le plus possible de la port\u00e9e de la clause initiale.<\/p>\n<\/div>\n\t\t\t\t\t\t\t<\/div>\n\t\t\t\t\t\t<\/div><div class=\" jet-accordion__item jet-toggle jet-toggle-fade-effect \">\n\t\t\t\t\t\t\t<div id=\"jet-toggle-control-67312\" class=\"jet-toggle__control elementor-menu-anchor\" data-toggle=\"12\" role=\"button\" tabindex=\"0\" aria-controls=\"jet-toggle-content-67312\" aria-expanded=\"false\" data-template-id=\"false\">\n\t\t\t\t\t\t\t\t<div class=\"jet-toggle__label-icon jet-toggle-icon-position-right\"><span class=\"jet-toggle__icon icon-normal jet-tabs-icon\"><svg class=\"e-font-icon-svg e-fas-plus\" viewBox=\"0 0 448 512\" xmlns=\"http:\/\/www.w3.org\/2000\/svg\"><path d=\"M416 208H272V64c0-17.67-14.33-32-32-32h-32c-17.67 0-32 14.33-32 32v144H32c-17.67 0-32 14.33-32 32v32c0 17.67 14.33 32 32 32h144v144c0 17.67 14.33 32 32 32h32c17.67 0 32-14.33 32-32V304h144c17.67 0 32-14.33 32-32v-32c0-17.67-14.33-32-32-32z\"><\/path><\/svg><\/span><span class=\"jet-toggle__icon icon-active jet-tabs-icon\"><svg class=\"e-font-icon-svg e-fas-minus\" viewBox=\"0 0 448 512\" xmlns=\"http:\/\/www.w3.org\/2000\/svg\"><path d=\"M416 208H32c-17.67 0-32 14.33-32 32v32c0 17.67 14.33 32 32 32h384c17.67 0 32-14.33 32-32v-32c0-17.67-14.33-32-32-32z\"><\/path><\/svg><\/span><\/div><div class=\"jet-toggle__label-text\">Article 12<\/div>\t\t\t\t\t\t\t<\/div>\n\t\t\t\t\t\t\t<div id=\"jet-toggle-content-67312\" class=\"jet-toggle__content\" data-toggle=\"12\" role=\"region\" data-template-id=\"false\">\n\t\t\t\t\t\t\t\t<div class=\"jet-toggle__content-inner\"><p>L&rsquo;Avocat et le client conviennent explicitement (a) qu\u2019ils feront trancher leurs litiges concernant les Conditions G\u00e9n\u00e9rales exclusivement par les tribunaux belges de l&rsquo;arrondissement judiciaire de Gand, (b) que les Conditions G\u00e9n\u00e9rales sont exclusivement r\u00e9gies par le droit belge et (c) que seul le texte n\u00e9erlandais a une force juridique et que les \u00e9ventuelles traductions ne sont fournies qu&rsquo;\u00e0 titre informatif.<\/p>\n<\/div>\n\t\t\t\t\t\t\t<\/div>\n\t\t\t\t\t\t<\/div>\t\t\t<\/div>\n\t\t<\/div>\n\t\t\t\t\t\t<\/div>\n\t\t\t\t<\/div>\n\t\t\t\t<div class=\"elementor-element elementor-element-4fdeab6 elementor-widget elementor-widget-heading\" data-id=\"4fdeab6\" data-element_type=\"widget\" data-widget_type=\"heading.default\">\n\t\t\t\t\t<p class=\"elementor-heading-title elementor-size-default\">Tim Laureys Avocats CVBA \u2013 Brusselsesteenweg 233,\n9090 Melle<br>RPR Gand 0538.933.384<\/p>\t\t\t\t<\/div>\n\t\t\t\t\t<\/div>\n\t\t\t\t<\/div>\n\t\t\t\t<\/div>\n\t\t","protected":false},"excerpt":{"rendered":"<p>Conditions g\u00e9n\u00e9rales Article 1 Dans les pr\u00e9sentes conditions g\u00e9n\u00e9rales (d\u00e9nomm\u00e9es ci-apr\u00e8s les \u2018Conditions G\u00e9n\u00e9rales\u2019), \u2018l&#8217;Avocat\u2019 signifie: le cabinet d&#8217;avocats \u2018Tim Laureys Advocaten CVBA\u2019 (RPM Gand 0538.933.384). Article 2 Les Conditions G\u00e9n\u00e9rales sont d&#8217;application pour toutes les missions, sauf convention \u00e9crite contraire pr\u00e9alable \u00e0 la cr\u00e9ation d&#8217;une mission. Une mission ne sera cr\u00e9\u00e9e qu&#8217;apr\u00e8s avoir \u00e9t\u00e9 [&hellip;]<\/p>\n","protected":false},"author":1,"featured_media":1484,"parent":0,"menu_order":0,"comment_status":"closed","ping_status":"closed","template":"","meta":{"_seopress_robots_primary_cat":"","_seopress_titles_title":"","_seopress_titles_desc":"","_seopress_robots_index":"yes","footnotes":""},"class_list":["post-1819","page","type-page","status-publish","has-post-thumbnail","hentry"],"_links":{"self":[{"href":"https:\/\/www.laureys.net\/fr\/wp-json\/wp\/v2\/pages\/1819","targetHints":{"allow":["GET"]}}],"collection":[{"href":"https:\/\/www.laureys.net\/fr\/wp-json\/wp\/v2\/pages"}],"about":[{"href":"https:\/\/www.laureys.net\/fr\/wp-json\/wp\/v2\/types\/page"}],"author":[{"embeddable":true,"href":"https:\/\/www.laureys.net\/fr\/wp-json\/wp\/v2\/users\/1"}],"replies":[{"embeddable":true,"href":"https:\/\/www.laureys.net\/fr\/wp-json\/wp\/v2\/comments?post=1819"}],"version-history":[{"count":4,"href":"https:\/\/www.laureys.net\/fr\/wp-json\/wp\/v2\/pages\/1819\/revisions"}],"predecessor-version":[{"id":1977,"href":"https:\/\/www.laureys.net\/fr\/wp-json\/wp\/v2\/pages\/1819\/revisions\/1977"}],"wp:featuredmedia":[{"embeddable":true,"href":"https:\/\/www.laureys.net\/fr\/wp-json\/wp\/v2\/media\/1484"}],"wp:attachment":[{"href":"https:\/\/www.laureys.net\/fr\/wp-json\/wp\/v2\/media?parent=1819"}],"curies":[{"name":"wp","href":"https:\/\/api.w.org\/{rel}","templated":true}]}}