{"id":1153,"date":"2023-04-12T08:53:09","date_gmt":"2023-04-12T06:53:09","guid":{"rendered":"https:\/\/www.laureys.net\/droit-des-entreprises\/"},"modified":"2023-07-31T16:21:42","modified_gmt":"2023-07-31T14:21:42","slug":"droit-des-entreprises","status":"publish","type":"page","link":"https:\/\/www.laureys.net\/fr\/droit-des-entreprises\/","title":{"rendered":"Droit des entreprises"},"content":{"rendered":"\t\t<div data-elementor-type=\"wp-page\" data-elementor-id=\"1153\" class=\"elementor elementor-1153 elementor-321\" data-elementor-post-type=\"page\">\n\t\t\t\t<div class=\"elementor-element elementor-element-655d8f6 e-flex e-con-boxed e-con e-parent\" data-id=\"655d8f6\" data-element_type=\"container\" data-settings=\"{&quot;jet_parallax_layout_list&quot;:[],&quot;background_background&quot;:&quot;classic&quot;}\">\n\t\t\t\t\t<div class=\"e-con-inner\">\n\t\t<div class=\"elementor-element elementor-element-c54dd22 e-con-full e-flex e-con e-parent\" data-id=\"c54dd22\" data-element_type=\"container\" data-settings=\"{&quot;jet_parallax_layout_list&quot;:[]}\">\n\t\t\t\t<div class=\"elementor-element elementor-element-b0f8b8a elementor-widget elementor-widget-text-editor\" data-id=\"b0f8b8a\" data-element_type=\"widget\" data-widget_type=\"text-editor.default\">\n\t\t\t\t\t\t\t\t\t<p>Nous conseillons et assistons les entreprises pour la r\u00e9daction , la r\u00e9siliation ou les modifications de contrats ainsi que lors de conciliations, ceci aussi bien au niveau national qu&rsquo;international.<\/p>\n\t\t\t\t\t\t\t\t<\/div>\n\t\t\t\t<div class=\"elementor-element elementor-element-9605336 elementor-widget elementor-widget-text-editor\" data-id=\"9605336\" data-element_type=\"widget\" data-widget_type=\"text-editor.default\">\n\t\t\t\t\t\t\t\t\t<p>Par ailleurs, nous b\u00e9n\u00e9ficions d&rsquo;une exp\u00e9rience \u00e9tendue en ce qui concerne le r\u00e8glement de litiges, aussi bien devant les cours et tribunaux qu&rsquo;en arbitrage. Nous sommes \u00e9galement actifs dans les domaines suivants :<\/p>\n\t\t\t\t\t\t\t\t<\/div>\n\t\t\t\t<div class=\"elementor-element elementor-element-ea31199 elementor-align-left elementor-icon-list--layout-traditional elementor-list-item-link-full_width elementor-widget elementor-widget-icon-list\" data-id=\"ea31199\" data-element_type=\"widget\" data-widget_type=\"icon-list.default\">\n\t\t\t\t\t\t\t<ul class=\"elementor-icon-list-items\">\n\t\t\t\t\t\t\t<li class=\"elementor-icon-list-item\">\n\t\t\t\t\t\t\t\t\t\t\t<span class=\"elementor-icon-list-icon\">\n\t\t\t\t\t\t\t<svg xmlns=\"http:\/\/www.w3.org\/2000\/svg\" viewBox=\"0 0 512 512\"><defs><style>.fa-secondary{opacity:.4}<\/style><\/defs><path class=\"fa-primary\" d=\"M369 175c9.4 9.4 9.4 24.6 0 33.9L241 337c-9.4 9.4-24.6 9.4-33.9 0l-64-64c-9.4-9.4-9.4-24.6 0-33.9s24.6-9.4 33.9 0l47 47L335 175c9.4-9.4 24.6-9.4 33.9 0z\"><\/path><path class=\"fa-secondary\" d=\"M256 0c36.8 0 68.8 20.7 84.9 51.1C373.8 41 411 49 437 75s34 63.3 23.9 96.1C491.3 187.2 512 219.2 512 256s-20.7 68.8-51.1 84.9C471 373.8 463 411 437 437s-63.3 34-96.1 23.9C324.8 491.3 292.8 512 256 512s-68.8-20.7-84.9-51.1C138.2 471 101 463 75 437s-34-63.3-23.9-96.1C20.7 324.8 0 292.8 0 256s20.7-68.8 51.1-84.9C41 138.2 49 101 75 75s63.3-34 96.1-23.9C187.2 20.7 219.2 0 256 0zM369 209c9.4-9.4 9.4-24.6 0-33.9s-24.6-9.4-33.9 0l-111 111-47-47c-9.4-9.4-24.6-9.4-33.9 0s-9.4 24.6 0 33.9l64 64c9.4 9.4 24.6 9.4 33.9 0L369 209z\"><\/path><\/svg>\t\t\t\t\t\t<\/span>\n\t\t\t\t\t\t\t\t\t\t<span class=\"elementor-icon-list-text\">Acquisitions <\/span>\n\t\t\t\t\t\t\t\t\t<\/li>\n\t\t\t\t\t\t\t\t<li class=\"elementor-icon-list-item\">\n\t\t\t\t\t\t\t\t\t\t\t<span class=\"elementor-icon-list-icon\">\n\t\t\t\t\t\t\t<svg xmlns=\"http:\/\/www.w3.org\/2000\/svg\" viewBox=\"0 0 512 512\"><defs><style>.fa-secondary{opacity:.4}<\/style><\/defs><path class=\"fa-primary\" d=\"M369 175c9.4 9.4 9.4 24.6 0 33.9L241 337c-9.4 9.4-24.6 9.4-33.9 0l-64-64c-9.4-9.4-9.4-24.6 0-33.9s24.6-9.4 33.9 0l47 47L335 175c9.4-9.4 24.6-9.4 33.9 0z\"><\/path><path class=\"fa-secondary\" d=\"M256 0c36.8 0 68.8 20.7 84.9 51.1C373.8 41 411 49 437 75s34 63.3 23.9 96.1C491.3 187.2 512 219.2 512 256s-20.7 68.8-51.1 84.9C471 373.8 463 411 437 437s-63.3 34-96.1 23.9C324.8 491.3 292.8 512 256 512s-68.8-20.7-84.9-51.1C138.2 471 101 463 75 437s-34-63.3-23.9-96.1C20.7 324.8 0 292.8 0 256s20.7-68.8 51.1-84.9C41 138.2 49 101 75 75s63.3-34 96.1-23.9C187.2 20.7 219.2 0 256 0zM369 209c9.4-9.4 9.4-24.6 0-33.9s-24.6-9.4-33.9 0l-111 111-47-47c-9.4-9.4-24.6-9.4-33.9 0s-9.4 24.6 0 33.9l64 64c9.4 9.4 24.6 9.4 33.9 0L369 209z\"><\/path><\/svg>\t\t\t\t\t\t<\/span>\n\t\t\t\t\t\t\t\t\t\t<span class=\"elementor-icon-list-text\">Accords d'intention et de confidentialit\u00e9 (NDA)<\/span>\n\t\t\t\t\t\t\t\t\t<\/li>\n\t\t\t\t\t\t\t\t<li class=\"elementor-icon-list-item\">\n\t\t\t\t\t\t\t\t\t\t\t<span class=\"elementor-icon-list-icon\">\n\t\t\t\t\t\t\t<svg xmlns=\"http:\/\/www.w3.org\/2000\/svg\" viewBox=\"0 0 512 512\"><defs><style>.fa-secondary{opacity:.4}<\/style><\/defs><path class=\"fa-primary\" d=\"M369 175c9.4 9.4 9.4 24.6 0 33.9L241 337c-9.4 9.4-24.6 9.4-33.9 0l-64-64c-9.4-9.4-9.4-24.6 0-33.9s24.6-9.4 33.9 0l47 47L335 175c9.4-9.4 24.6-9.4 33.9 0z\"><\/path><path class=\"fa-secondary\" d=\"M256 0c36.8 0 68.8 20.7 84.9 51.1C373.8 41 411 49 437 75s34 63.3 23.9 96.1C491.3 187.2 512 219.2 512 256s-20.7 68.8-51.1 84.9C471 373.8 463 411 437 437s-63.3 34-96.1 23.9C324.8 491.3 292.8 512 256 512s-68.8-20.7-84.9-51.1C138.2 471 101 463 75 437s-34-63.3-23.9-96.1C20.7 324.8 0 292.8 0 256s20.7-68.8 51.1-84.9C41 138.2 49 101 75 75s63.3-34 96.1-23.9C187.2 20.7 219.2 0 256 0zM369 209c9.4-9.4 9.4-24.6 0-33.9s-24.6-9.4-33.9 0l-111 111-47-47c-9.4-9.4-24.6-9.4-33.9 0s-9.4 24.6 0 33.9l64 64c9.4 9.4 24.6 9.4 33.9 0L369 209z\"><\/path><\/svg>\t\t\t\t\t\t<\/span>\n\t\t\t\t\t\t\t\t\t\t<span class=\"elementor-icon-list-text\">Accords entre actionnaires <\/span>\n\t\t\t\t\t\t\t\t\t<\/li>\n\t\t\t\t\t\t\t\t<li class=\"elementor-icon-list-item\">\n\t\t\t\t\t\t\t\t\t\t\t<span class=\"elementor-icon-list-icon\">\n\t\t\t\t\t\t\t<svg xmlns=\"http:\/\/www.w3.org\/2000\/svg\" viewBox=\"0 0 512 512\"><defs><style>.fa-secondary{opacity:.4}<\/style><\/defs><path class=\"fa-primary\" d=\"M369 175c9.4 9.4 9.4 24.6 0 33.9L241 337c-9.4 9.4-24.6 9.4-33.9 0l-64-64c-9.4-9.4-9.4-24.6 0-33.9s24.6-9.4 33.9 0l47 47L335 175c9.4-9.4 24.6-9.4 33.9 0z\"><\/path><path class=\"fa-secondary\" d=\"M256 0c36.8 0 68.8 20.7 84.9 51.1C373.8 41 411 49 437 75s34 63.3 23.9 96.1C491.3 187.2 512 219.2 512 256s-20.7 68.8-51.1 84.9C471 373.8 463 411 437 437s-63.3 34-96.1 23.9C324.8 491.3 292.8 512 256 512s-68.8-20.7-84.9-51.1C138.2 471 101 463 75 437s-34-63.3-23.9-96.1C20.7 324.8 0 292.8 0 256s20.7-68.8 51.1-84.9C41 138.2 49 101 75 75s63.3-34 96.1-23.9C187.2 20.7 219.2 0 256 0zM369 209c9.4-9.4 9.4-24.6 0-33.9s-24.6-9.4-33.9 0l-111 111-47-47c-9.4-9.4-24.6-9.4-33.9 0s-9.4 24.6 0 33.9l64 64c9.4 9.4 24.6 9.4 33.9 0L369 209z\"><\/path><\/svg>\t\t\t\t\t\t<\/span>\n\t\t\t\t\t\t\t\t\t\t<span class=\"elementor-icon-list-text\">Accords de coentreprise ou de collaboration <\/span>\n\t\t\t\t\t\t\t\t\t<\/li>\n\t\t\t\t\t\t\t\t<li class=\"elementor-icon-list-item\">\n\t\t\t\t\t\t\t\t\t\t\t<span class=\"elementor-icon-list-icon\">\n\t\t\t\t\t\t\t<svg xmlns=\"http:\/\/www.w3.org\/2000\/svg\" viewBox=\"0 0 512 512\"><defs><style>.fa-secondary{opacity:.4}<\/style><\/defs><path class=\"fa-primary\" d=\"M369 175c9.4 9.4 9.4 24.6 0 33.9L241 337c-9.4 9.4-24.6 9.4-33.9 0l-64-64c-9.4-9.4-9.4-24.6 0-33.9s24.6-9.4 33.9 0l47 47L335 175c9.4-9.4 24.6-9.4 33.9 0z\"><\/path><path class=\"fa-secondary\" d=\"M256 0c36.8 0 68.8 20.7 84.9 51.1C373.8 41 411 49 437 75s34 63.3 23.9 96.1C491.3 187.2 512 219.2 512 256s-20.7 68.8-51.1 84.9C471 373.8 463 411 437 437s-63.3 34-96.1 23.9C324.8 491.3 292.8 512 256 512s-68.8-20.7-84.9-51.1C138.2 471 101 463 75 437s-34-63.3-23.9-96.1C20.7 324.8 0 292.8 0 256s20.7-68.8 51.1-84.9C41 138.2 49 101 75 75s63.3-34 96.1-23.9C187.2 20.7 219.2 0 256 0zM369 209c9.4-9.4 9.4-24.6 0-33.9s-24.6-9.4-33.9 0l-111 111-47-47c-9.4-9.4-24.6-9.4-33.9 0s-9.4 24.6 0 33.9l64 64c9.4 9.4 24.6 9.4 33.9 0L369 209z\"><\/path><\/svg>\t\t\t\t\t\t<\/span>\n\t\t\t\t\t\t\t\t\t\t<span class=\"elementor-icon-list-text\">Conditions g\u00e9n\u00e9rales<\/span>\n\t\t\t\t\t\t\t\t\t<\/li>\n\t\t\t\t\t\t\t\t<li class=\"elementor-icon-list-item\">\n\t\t\t\t\t\t\t\t\t\t\t<span class=\"elementor-icon-list-icon\">\n\t\t\t\t\t\t\t<svg xmlns=\"http:\/\/www.w3.org\/2000\/svg\" viewBox=\"0 0 512 512\"><defs><style>.fa-secondary{opacity:.4}<\/style><\/defs><path class=\"fa-primary\" d=\"M369 175c9.4 9.4 9.4 24.6 0 33.9L241 337c-9.4 9.4-24.6 9.4-33.9 0l-64-64c-9.4-9.4-9.4-24.6 0-33.9s24.6-9.4 33.9 0l47 47L335 175c9.4-9.4 24.6-9.4 33.9 0z\"><\/path><path class=\"fa-secondary\" d=\"M256 0c36.8 0 68.8 20.7 84.9 51.1C373.8 41 411 49 437 75s34 63.3 23.9 96.1C491.3 187.2 512 219.2 512 256s-20.7 68.8-51.1 84.9C471 373.8 463 411 437 437s-63.3 34-96.1 23.9C324.8 491.3 292.8 512 256 512s-68.8-20.7-84.9-51.1C138.2 471 101 463 75 437s-34-63.3-23.9-96.1C20.7 324.8 0 292.8 0 256s20.7-68.8 51.1-84.9C41 138.2 49 101 75 75s63.3-34 96.1-23.9C187.2 20.7 219.2 0 256 0zM369 209c9.4-9.4 9.4-24.6 0-33.9s-24.6-9.4-33.9 0l-111 111-47-47c-9.4-9.4-24.6-9.4-33.9 0s-9.4 24.6 0 33.9l64 64c9.4 9.4 24.6 9.4 33.9 0L369 209z\"><\/path><\/svg>\t\t\t\t\t\t<\/span>\n\t\t\t\t\t\t\t\t\t\t<span class=\"elementor-icon-list-text\">Accords sp\u00e9cifiques (y compris vente, location, leasing, ...)<\/span>\n\t\t\t\t\t\t\t\t\t<\/li>\n\t\t\t\t\t\t\t\t<li class=\"elementor-icon-list-item\">\n\t\t\t\t\t\t\t\t\t\t\t<span class=\"elementor-icon-list-icon\">\n\t\t\t\t\t\t\t<svg xmlns=\"http:\/\/www.w3.org\/2000\/svg\" viewBox=\"0 0 512 512\"><defs><style>.fa-secondary{opacity:.4}<\/style><\/defs><path class=\"fa-primary\" d=\"M369 175c9.4 9.4 9.4 24.6 0 33.9L241 337c-9.4 9.4-24.6 9.4-33.9 0l-64-64c-9.4-9.4-9.4-24.6 0-33.9s24.6-9.4 33.9 0l47 47L335 175c9.4-9.4 24.6-9.4 33.9 0z\"><\/path><path class=\"fa-secondary\" d=\"M256 0c36.8 0 68.8 20.7 84.9 51.1C373.8 41 411 49 437 75s34 63.3 23.9 96.1C491.3 187.2 512 219.2 512 256s-20.7 68.8-51.1 84.9C471 373.8 463 411 437 437s-63.3 34-96.1 23.9C324.8 491.3 292.8 512 256 512s-68.8-20.7-84.9-51.1C138.2 471 101 463 75 437s-34-63.3-23.9-96.1C20.7 324.8 0 292.8 0 256s20.7-68.8 51.1-84.9C41 138.2 49 101 75 75s63.3-34 96.1-23.9C187.2 20.7 219.2 0 256 0zM369 209c9.4-9.4 9.4-24.6 0-33.9s-24.6-9.4-33.9 0l-111 111-47-47c-9.4-9.4-24.6-9.4-33.9 0s-9.4 24.6 0 33.9l64 64c9.4 9.4 24.6 9.4 33.9 0L369 209z\"><\/path><\/svg>\t\t\t\t\t\t<\/span>\n\t\t\t\t\t\t\t\t\t\t<span class=\"elementor-icon-list-text\">Accords de distribution, d'agence et de franchise<\/span>\n\t\t\t\t\t\t\t\t\t<\/li>\n\t\t\t\t\t\t\t\t<li class=\"elementor-icon-list-item\">\n\t\t\t\t\t\t\t\t\t\t\t<span class=\"elementor-icon-list-icon\">\n\t\t\t\t\t\t\t<svg xmlns=\"http:\/\/www.w3.org\/2000\/svg\" viewBox=\"0 0 512 512\"><defs><style>.fa-secondary{opacity:.4}<\/style><\/defs><path class=\"fa-primary\" d=\"M369 175c9.4 9.4 9.4 24.6 0 33.9L241 337c-9.4 9.4-24.6 9.4-33.9 0l-64-64c-9.4-9.4-9.4-24.6 0-33.9s24.6-9.4 33.9 0l47 47L335 175c9.4-9.4 24.6-9.4 33.9 0z\"><\/path><path class=\"fa-secondary\" d=\"M256 0c36.8 0 68.8 20.7 84.9 51.1C373.8 41 411 49 437 75s34 63.3 23.9 96.1C491.3 187.2 512 219.2 512 256s-20.7 68.8-51.1 84.9C471 373.8 463 411 437 437s-63.3 34-96.1 23.9C324.8 491.3 292.8 512 256 512s-68.8-20.7-84.9-51.1C138.2 471 101 463 75 437s-34-63.3-23.9-96.1C20.7 324.8 0 292.8 0 256s20.7-68.8 51.1-84.9C41 138.2 49 101 75 75s63.3-34 96.1-23.9C187.2 20.7 219.2 0 256 0zM369 209c9.4-9.4 9.4-24.6 0-33.9s-24.6-9.4-33.9 0l-111 111-47-47c-9.4-9.4-24.6-9.4-33.9 0s-9.4 24.6 0 33.9l64 64c9.4 9.4 24.6 9.4 33.9 0L369 209z\"><\/path><\/svg>\t\t\t\t\t\t<\/span>\n\t\t\t\t\t\t\t\t\t\t<span class=\"elementor-icon-list-text\">Accords de pr\u00eat et de financement<\/span>\n\t\t\t\t\t\t\t\t\t<\/li>\n\t\t\t\t\t\t<\/ul>\n\t\t\t\t\t\t<\/div>\n\t\t\t\t<\/div>\n\t\t<div class=\"elementor-element elementor-element-7b658a0 e-flex e-con-boxed e-con e-parent\" data-id=\"7b658a0\" data-element_type=\"container\" data-settings=\"{&quot;jet_parallax_layout_list&quot;:[],&quot;background_background&quot;:&quot;classic&quot;}\">\n\t\t\t\t\t<div class=\"e-con-inner\">\n\t\t\t\t\t<\/div>\n\t\t\t\t<\/div>\n\t\t\t\t\t<\/div>\n\t\t\t\t<\/div>\n\t\t<div class=\"elementor-element elementor-element-2cd9fe4 e-con-full e-flex e-con e-parent\" data-id=\"2cd9fe4\" data-element_type=\"container\" data-settings=\"{&quot;jet_parallax_layout_list&quot;:[]}\">\n\t\t\t\t<div class=\"elementor-element elementor-element-60d3aad elementor-widget__width-inherit elementor-widget elementor-widget-template\" data-id=\"60d3aad\" data-element_type=\"widget\" data-widget_type=\"template.default\">\n\t\t\t\t<div class=\"elementor-widget-container\">\n\t\t\t\t\t\t\t<div class=\"elementor-template\">\n\t\t\t\t\t<div data-elementor-type=\"container\" data-elementor-id=\"1181\" class=\"elementor elementor-1181 elementor-598\" data-elementor-post-type=\"elementor_library\">\n\t\t\t\t<div class=\"elementor-element elementor-element-5420156d e-flex e-con-boxed e-con e-parent\" data-id=\"5420156d\" data-element_type=\"container\" data-settings=\"{&quot;jet_parallax_layout_list&quot;:[]}\">\n\t\t\t\t\t<div class=\"e-con-inner\">\n\t\t\t\t<div class=\"elementor-element elementor-element-34d70d8b elementor-widget elementor-widget-heading\" data-id=\"34d70d8b\" data-element_type=\"widget\" data-widget_type=\"heading.default\">\n\t\t\t\t\t<h2 class=\"elementor-heading-title elementor-size-default\">Comment pouvons-nous vous aider ?<\/h2>\t\t\t\t<\/div>\n\t\t\t\t<div class=\"elementor-element elementor-element-1145cb8e elementor-widget elementor-widget-jet-button\" data-id=\"1145cb8e\" data-element_type=\"widget\" data-widget_type=\"jet-button.default\">\n\t\t\t\t<div class=\"elementor-widget-container\">\n\t\t\t\t\t<div class=\"elementor-jet-button jet-elements\"><div class=\"jet-button__container\">\n\t<a class=\"jet-button__instance jet-button__instance--icon-right hover-effect-10\" href=\"https:\/\/www.laureys.net\/fr\/contact\/\">\n\t\t<div class=\"jet-button__plane jet-button__plane-normal\"><\/div>\n\t\t<div class=\"jet-button__plane jet-button__plane-hover\"><\/div>\n\t\t<div class=\"jet-button__state jet-button__state-normal\">\n\t\t\t<span class=\"jet-button__icon jet-elements-icon\"><svg xmlns=\"http:\/\/www.w3.org\/2000\/svg\" viewBox=\"0 0 512 512\"><path d=\"M500.7 267.3L512 256l-11.3-11.3-144-144L345.4 89.4 322.7 112l11.3 11.3L450.7 240 16 240 0 240l0 32 16 0 434.7 0L334.1 388.7 322.7 400l22.6 22.6 11.3-11.3 144-144z\"><\/path><\/svg><\/span><span class=\"jet-button__label\">Contactez-nous<\/span>\t\t<\/div>\n\t\t<div class=\"jet-button__state jet-button__state-hover\">\n\t\t\t<span class=\"jet-button__icon jet-elements-icon\"><svg xmlns=\"http:\/\/www.w3.org\/2000\/svg\" viewBox=\"0 0 512 512\"><path d=\"M500.7 267.3L512 256l-11.3-11.3-144-144L345.4 89.4 322.7 112l11.3 11.3L450.7 240 16 240 0 240l0 32 16 0 434.7 0L334.1 388.7 322.7 400l22.6 22.6 11.3-11.3 144-144z\"><\/path><\/svg><\/span><span class=\"jet-button__label\">Contactez-nous<\/span>\t\t<\/div>\n\t<\/a>\n<\/div>\n<\/div>\t\t\t\t<\/div>\n\t\t\t\t<\/div>\n\t\t\t\t\t<\/div>\n\t\t\t\t<\/div>\n\t\t\t\t<\/div>\n\t\t\t\t<\/div>\n\t\t\t\t\t\t<\/div>\n\t\t\t\t<\/div>\n\t\t\t\t<\/div>\n\t\t\t\t<\/div>\n\t\t","protected":false},"excerpt":{"rendered":"<p>Nous conseillons et assistons les entreprises pour la r\u00e9daction , la r\u00e9siliation ou les modifications de contrats ainsi que lors de conciliations, ceci aussi bien au niveau national qu&rsquo;international. Par ailleurs, nous b\u00e9n\u00e9ficions d&rsquo;une exp\u00e9rience \u00e9tendue en ce qui concerne le r\u00e8glement de litiges, aussi bien devant les cours et tribunaux qu&rsquo;en arbitrage. Nous sommes [&hellip;]<\/p>\n","protected":false},"author":1,"featured_media":1412,"parent":0,"menu_order":0,"comment_status":"closed","ping_status":"closed","template":"","meta":{"_seopress_robots_primary_cat":"","_seopress_titles_title":"","_seopress_titles_desc":"","_seopress_robots_index":"","footnotes":""},"class_list":["post-1153","page","type-page","status-publish","has-post-thumbnail","hentry"],"_links":{"self":[{"href":"https:\/\/www.laureys.net\/fr\/wp-json\/wp\/v2\/pages\/1153","targetHints":{"allow":["GET"]}}],"collection":[{"href":"https:\/\/www.laureys.net\/fr\/wp-json\/wp\/v2\/pages"}],"about":[{"href":"https:\/\/www.laureys.net\/fr\/wp-json\/wp\/v2\/types\/page"}],"author":[{"embeddable":true,"href":"https:\/\/www.laureys.net\/fr\/wp-json\/wp\/v2\/users\/1"}],"replies":[{"embeddable":true,"href":"https:\/\/www.laureys.net\/fr\/wp-json\/wp\/v2\/comments?post=1153"}],"version-history":[{"count":7,"href":"https:\/\/www.laureys.net\/fr\/wp-json\/wp\/v2\/pages\/1153\/revisions"}],"predecessor-version":[{"id":1999,"href":"https:\/\/www.laureys.net\/fr\/wp-json\/wp\/v2\/pages\/1153\/revisions\/1999"}],"wp:featuredmedia":[{"embeddable":true,"href":"https:\/\/www.laureys.net\/fr\/wp-json\/wp\/v2\/media\/1412"}],"wp:attachment":[{"href":"https:\/\/www.laureys.net\/fr\/wp-json\/wp\/v2\/media?parent=1153"}],"curies":[{"name":"wp","href":"https:\/\/api.w.org\/{rel}","templated":true}]}}